{"id":24020,"date":"2024-11-15T19:46:39","date_gmt":"2024-11-15T19:46:39","guid":{"rendered":"https:\/\/pbbservice.com\/?page_id=24020"},"modified":"2024-11-15T19:52:19","modified_gmt":"2024-11-15T19:52:19","slug":"operacion-y-soporte-de-infraestructuras-especializadas-en-diversas-areas-tecnicas","status":"publish","type":"page","link":"https:\/\/pbbservice.com\/?page_id=24020","title":{"rendered":"Operaci\u00f3n y soporte de infraestructuras especializadas en diversas \u00e1reas t\u00e9cnicas"},"content":{"rendered":"\t\t<div data-elementor-type=\"wp-page\" data-elementor-id=\"24020\" class=\"elementor elementor-24020\" data-elementor-post-type=\"page\">\n\t\t\t\t<div class=\"elementor-element elementor-element-da44933 wd-section-stretch color-scheme-light e-flex e-con-boxed e-con e-parent\" data-id=\"da44933\" data-element_type=\"container\" data-e-type=\"container\" data-settings=\"{&quot;background_background&quot;:&quot;classic&quot;}\">\n\t\t\t\t\t<div class=\"e-con-inner\">\n\t\t<div class=\"elementor-element elementor-element-e509b19 e-con-full e-flex elementor-invisible e-con e-child\" data-id=\"e509b19\" data-element_type=\"container\" data-e-type=\"container\" data-settings=\"{&quot;animation&quot;:&quot;bounceInLeft&quot;}\">\n\t\t<div class=\"elementor-element elementor-element-4795144 e-con-full hide-movil e-flex e-con e-child\" data-id=\"4795144\" data-element_type=\"container\" data-e-type=\"container\" data-settings=\"{&quot;background_background&quot;:&quot;classic&quot;}\">\n\t\t\t\t<div class=\"elementor-element elementor-element-59c17bb elementor-widget elementor-widget-heading\" data-id=\"59c17bb\" data-element_type=\"widget\" data-e-type=\"widget\" data-widget_type=\"heading.default\">\n\t\t\t\t<div class=\"elementor-widget-container\">\n\t\t\t\t\t<h2 class=\"elementor-heading-title elementor-size-default\">Operaci\u00f3n y soporte de infraestructuras especializadas en diversas \u00e1reas t\u00e9cnicas<\/h2>\t\t\t\t<\/div>\n\t\t\t\t<\/div>\n\t\t\t\t<div class=\"elementor-element elementor-element-bb4ca54 hide-pc elementor-widget-mobile__width-initial elementor-widget elementor-widget-image\" data-id=\"bb4ca54\" data-element_type=\"widget\" data-e-type=\"widget\" data-widget_type=\"image.default\">\n\t\t\t\t<div class=\"elementor-widget-container\">\n\t\t\t\t\t\t\t\t\t\t\t\t\t\t\t<img decoding=\"async\" width=\"176\" height=\"120\" src=\"https:\/\/pbbservice.com\/wp-content\/uploads\/2024\/11\/logo_blanco.svg\" class=\"attachment-full size-full wp-image-23785\" alt=\"\" \/>\t\t\t\t\t\t\t\t\t\t\t\t\t\t\t<\/div>\n\t\t\t\t<\/div>\n\t\t\t\t<\/div>\n\t\t<div class=\"elementor-element elementor-element-6a89834 e-con-full hide-pc e-flex e-con e-child\" data-id=\"6a89834\" data-element_type=\"container\" data-e-type=\"container\" data-settings=\"{&quot;background_background&quot;:&quot;classic&quot;}\">\n\t\t\t\t<div class=\"elementor-element elementor-element-4732b72 hide-pc elementor-widget elementor-widget-heading\" data-id=\"4732b72\" data-element_type=\"widget\" data-e-type=\"widget\" data-widget_type=\"heading.default\">\n\t\t\t\t<div class=\"elementor-widget-container\">\n\t\t\t\t\t<h2 class=\"elementor-heading-title elementor-size-default\">Operaci\u00f3n y soporte de infraestructuras especializadas en diversas \u00e1reas t\u00e9cnicas<\/h2>\t\t\t\t<\/div>\n\t\t\t\t<\/div>\n\t\t\t\t<\/div>\n\t\t<div class=\"elementor-element elementor-element-4aef5da e-con-full hide-movil e-flex e-con e-child\" data-id=\"4aef5da\" data-element_type=\"container\" data-e-type=\"container\">\n\t\t\t\t<\/div>\n\t\t\t\t<\/div>\n\t\t\t\t\t<\/div>\n\t\t\t\t<\/div>\n\t\t<div class=\"wd-negative-gap elementor-element elementor-element-fdbd017 wd-section-stretch e-flex e-con-boxed e-con e-parent\" data-id=\"fdbd017\" data-element_type=\"container\" data-e-type=\"container\" data-settings=\"{&quot;background_background&quot;:&quot;classic&quot;}\">\n\t\t\t\t\t<div class=\"e-con-inner\">\n\t\t<div class=\"elementor-element elementor-element-7b0990b e-con-full hide-movil e-flex e-con e-child\" data-id=\"7b0990b\" data-element_type=\"container\" data-e-type=\"container\">\n\t\t\t\t<div class=\"elementor-element elementor-element-081619a elementor-widget elementor-widget-image\" data-id=\"081619a\" data-element_type=\"widget\" data-e-type=\"widget\" data-widget_type=\"image.default\">\n\t\t\t\t<div class=\"elementor-widget-container\">\n\t\t\t\t\t\t\t\t\t\t\t\t\t\t\t<img fetchpriority=\"high\" decoding=\"async\" width=\"597\" height=\"634\" src=\"https:\/\/pbbservice.com\/wp-content\/uploads\/2024\/11\/1.jpg\" class=\"attachment-full size-full wp-image-23979\" alt=\"\" srcset=\"https:\/\/pbbservice.com\/wp-content\/uploads\/2024\/11\/1.jpg 597w, https:\/\/pbbservice.com\/wp-content\/uploads\/2024\/11\/1-282x300.jpg 282w, https:\/\/pbbservice.com\/wp-content\/uploads\/2024\/11\/1-430x457.jpg 430w, https:\/\/pbbservice.com\/wp-content\/uploads\/2024\/11\/1-150x159.jpg 150w\" sizes=\"(max-width: 597px) 100vw, 597px\" \/>\t\t\t\t\t\t\t\t\t\t\t\t\t\t\t<\/div>\n\t\t\t\t<\/div>\n\t\t\t\t<\/div>\n\t\t<div class=\"elementor-element elementor-element-d045468 e-con-full e-flex e-con e-child\" data-id=\"d045468\" data-element_type=\"container\" data-e-type=\"container\">\n\t\t\t\t\t<link rel=\"stylesheet\" id=\"wd-mod-animations-keyframes-css\" href=\"https:\/\/pbbservice.com\/wp-content\/themes\/woodmart\/css\/parts\/mod-animations-keyframes.min.css?ver=7.6.0\" type=\"text\/css\" media=\"all\" \/> \t\t\t\t\t<div class=\"elementor-element elementor-element-69a9832 color-scheme-inherit text-left elementor-invisible elementor-widget elementor-widget-text-editor\" data-id=\"69a9832\" data-element_type=\"widget\" data-e-type=\"widget\" data-settings=\"{&quot;_animation&quot;:&quot;fadeInRight&quot;}\" data-widget_type=\"text-editor.default\">\n\t\t\t\t<div class=\"elementor-widget-container\">\n\t\t\t\t\t\t\t\t\t<strong>Somos expertos en la operaci\u00f3n y mantenimiento de infraestructuras cr\u00edticas, abarcando sistemas electromec\u00e1nicos, el\u00e9ctricos, hidr\u00e1ulicos y electr\u00f3nicos, utilizados en aeropuertos, puertos y estaciones ferroviarias. Nuestros equipos t\u00e9cnicos garantizan la continuidad operacional a trav\u00e9s de servicios de soporte 24\/7, minimizando tiempos de inactividad y optimizando la eficiencia de los sistemas.<\/strong>\t\t\t\t\t\t\t\t<\/div>\n\t\t\t\t<\/div>\n\t\t\t\t<div class=\"elementor-element elementor-element-6b2464e elementor-position-inline-start elementor-mobile-position-inline-start elementor-view-default elementor-invisible elementor-widget elementor-widget-icon-box\" data-id=\"6b2464e\" data-element_type=\"widget\" data-e-type=\"widget\" data-settings=\"{&quot;_animation&quot;:&quot;fadeInRight&quot;}\" data-widget_type=\"icon-box.default\">\n\t\t\t\t<div class=\"elementor-widget-container\">\n\t\t\t\t\t\t\t<div class=\"elementor-icon-box-wrapper\">\n\n\t\t\t\t\t\t<div class=\"elementor-icon-box-icon\">\n\t\t\t\t<span  class=\"elementor-icon\">\n\t\t\t\t<svg xmlns=\"http:\/\/www.w3.org\/2000\/svg\" width=\"31\" height=\"32\" viewBox=\"0 0 31 32\" fill=\"none\"><mask id=\"mask0_33_7\" style=\"mask-type:alpha\" maskUnits=\"userSpaceOnUse\" x=\"0\" y=\"0\" width=\"31\" height=\"32\"><rect y=\"0.446655\" width=\"30.573\" height=\"30.573\" fill=\"#D9D9D9\"><\/rect><\/mask><g mask=\"url(#mask0_33_7)\"><path d=\"M13.4779 21.1516L22.0422 12.5874L20.6998 11.245L13.4779 18.467L9.8474 14.8364L8.50505 16.1788L13.4779 21.1516ZM15.2881 27.8347C13.6142 27.8347 12.0409 27.5171 10.5681 26.8818C9.09528 26.2466 7.81419 25.3845 6.72481 24.2956C5.63544 23.2066 4.77292 21.926 4.13726 20.4539C3.50181 18.9817 3.18408 17.4088 3.18408 15.7351C3.18408 14.0613 3.5017 12.4879 4.13694 11.0151C4.77218 9.5423 5.63427 8.26121 6.72322 7.17183C7.81217 6.08246 9.09273 5.21994 10.5649 4.58428C12.0371 3.94883 13.61 3.6311 15.2836 3.6311C16.9575 3.6311 18.5309 3.94872 20.0037 4.58396C21.4765 5.2192 22.7576 6.08129 23.8469 7.17024C24.9363 8.25919 25.7988 9.53975 26.4345 11.0119C27.0699 12.4841 27.3877 14.057 27.3877 15.7307C27.3877 17.4045 27.0701 18.9779 26.4348 20.4507C25.7996 21.9235 24.9375 23.2046 23.8485 24.294C22.7596 25.3833 21.479 26.2459 20.0069 26.8815C18.5347 27.517 16.9618 27.8347 15.2881 27.8347ZM15.2859 25.9239C18.1309 25.9239 20.5406 24.9366 22.5151 22.9621C24.4896 20.9876 25.4769 18.5779 25.4769 15.7329C25.4769 12.8879 24.4896 10.4782 22.5151 8.50367C20.5406 6.52917 18.1309 5.54191 15.2859 5.54191C12.4409 5.54191 10.0312 6.52917 8.05665 8.50367C6.08214 10.4782 5.09489 12.8879 5.09489 15.7329C5.09489 18.5779 6.08214 20.9876 8.05665 22.9621C10.0312 24.9366 12.4409 25.9239 15.2859 25.9239Z\" fill=\"#FF3220\"><\/path><\/g><\/svg>\t\t\t\t<\/span>\n\t\t\t<\/div>\n\t\t\t\n\t\t\t\t\t\t<div class=\"elementor-icon-box-content\">\n\n\t\t\t\t\t\t\t\t\t<h3 class=\"elementor-icon-box-title\">\n\t\t\t\t\t\t<span  >\n\t\t\t\t\t\t\tMantenimiento preventivo y correctivo:\t\t\t\t\t\t<\/span>\n\t\t\t\t\t<\/h3>\n\t\t\t\t\n\t\t\t\t\t\t\t\t\t<p class=\"elementor-icon-box-description\">\n\t\t\t\t\t\tImplementaci\u00f3n de programas de mantenimiento para prevenir fallos y optimizar el rendimiento de equipos y sistemas. Usamos herramientas de monitoreo continuo que permiten detectar y corregir problemas antes de que afecten la operaci\u00f3n.\t\t\t\t\t<\/p>\n\t\t\t\t\n\t\t\t<\/div>\n\t\t\t\n\t\t<\/div>\n\t\t\t\t\t\t<\/div>\n\t\t\t\t<\/div>\n\t\t\t\t<div class=\"elementor-element elementor-element-e9c659c elementor-position-inline-start elementor-mobile-position-inline-start elementor-view-default elementor-invisible elementor-widget elementor-widget-icon-box\" data-id=\"e9c659c\" data-element_type=\"widget\" data-e-type=\"widget\" data-settings=\"{&quot;_animation&quot;:&quot;fadeInRight&quot;}\" data-widget_type=\"icon-box.default\">\n\t\t\t\t<div class=\"elementor-widget-container\">\n\t\t\t\t\t\t\t<div class=\"elementor-icon-box-wrapper\">\n\n\t\t\t\t\t\t<div class=\"elementor-icon-box-icon\">\n\t\t\t\t<span  class=\"elementor-icon\">\n\t\t\t\t<svg xmlns=\"http:\/\/www.w3.org\/2000\/svg\" width=\"31\" height=\"32\" viewBox=\"0 0 31 32\" fill=\"none\"><mask id=\"mask0_33_7\" style=\"mask-type:alpha\" maskUnits=\"userSpaceOnUse\" x=\"0\" y=\"0\" width=\"31\" height=\"32\"><rect y=\"0.446655\" width=\"30.573\" height=\"30.573\" fill=\"#D9D9D9\"><\/rect><\/mask><g mask=\"url(#mask0_33_7)\"><path d=\"M13.4779 21.1516L22.0422 12.5874L20.6998 11.245L13.4779 18.467L9.8474 14.8364L8.50505 16.1788L13.4779 21.1516ZM15.2881 27.8347C13.6142 27.8347 12.0409 27.5171 10.5681 26.8818C9.09528 26.2466 7.81419 25.3845 6.72481 24.2956C5.63544 23.2066 4.77292 21.926 4.13726 20.4539C3.50181 18.9817 3.18408 17.4088 3.18408 15.7351C3.18408 14.0613 3.5017 12.4879 4.13694 11.0151C4.77218 9.5423 5.63427 8.26121 6.72322 7.17183C7.81217 6.08246 9.09273 5.21994 10.5649 4.58428C12.0371 3.94883 13.61 3.6311 15.2836 3.6311C16.9575 3.6311 18.5309 3.94872 20.0037 4.58396C21.4765 5.2192 22.7576 6.08129 23.8469 7.17024C24.9363 8.25919 25.7988 9.53975 26.4345 11.0119C27.0699 12.4841 27.3877 14.057 27.3877 15.7307C27.3877 17.4045 27.0701 18.9779 26.4348 20.4507C25.7996 21.9235 24.9375 23.2046 23.8485 24.294C22.7596 25.3833 21.479 26.2459 20.0069 26.8815C18.5347 27.517 16.9618 27.8347 15.2881 27.8347ZM15.2859 25.9239C18.1309 25.9239 20.5406 24.9366 22.5151 22.9621C24.4896 20.9876 25.4769 18.5779 25.4769 15.7329C25.4769 12.8879 24.4896 10.4782 22.5151 8.50367C20.5406 6.52917 18.1309 5.54191 15.2859 5.54191C12.4409 5.54191 10.0312 6.52917 8.05665 8.50367C6.08214 10.4782 5.09489 12.8879 5.09489 15.7329C5.09489 18.5779 6.08214 20.9876 8.05665 22.9621C10.0312 24.9366 12.4409 25.9239 15.2859 25.9239Z\" fill=\"#FF3220\"><\/path><\/g><\/svg>\t\t\t\t<\/span>\n\t\t\t<\/div>\n\t\t\t\n\t\t\t\t\t\t<div class=\"elementor-icon-box-content\">\n\n\t\t\t\t\t\t\t\t\t<h3 class=\"elementor-icon-box-title\">\n\t\t\t\t\t\t<span  >\n\t\t\t\t\t\t\tMonitoreo remoto y gesti\u00f3n de activos:\t\t\t\t\t\t<\/span>\n\t\t\t\t\t<\/h3>\n\t\t\t\t\n\t\t\t\t\t\t\t\t\t<p class=\"elementor-icon-box-description\">\n\t\t\t\t\t\tSeguimiento en tiempo real del estado de las infraestructuras mediante sistemas avanzados de monitoreo que permiten un control remoto eficiente de los recursos cr\u00edticos.\t\t\t\t\t<\/p>\n\t\t\t\t\n\t\t\t<\/div>\n\t\t\t\n\t\t<\/div>\n\t\t\t\t\t\t<\/div>\n\t\t\t\t<\/div>\n\t\t\t\t<div class=\"elementor-element elementor-element-47eae4d elementor-position-inline-start elementor-mobile-position-inline-start elementor-view-default elementor-invisible elementor-widget elementor-widget-icon-box\" data-id=\"47eae4d\" data-element_type=\"widget\" data-e-type=\"widget\" data-settings=\"{&quot;_animation&quot;:&quot;fadeInRight&quot;}\" data-widget_type=\"icon-box.default\">\n\t\t\t\t<div class=\"elementor-widget-container\">\n\t\t\t\t\t\t\t<div class=\"elementor-icon-box-wrapper\">\n\n\t\t\t\t\t\t<div class=\"elementor-icon-box-icon\">\n\t\t\t\t<span  class=\"elementor-icon\">\n\t\t\t\t<svg xmlns=\"http:\/\/www.w3.org\/2000\/svg\" width=\"31\" height=\"32\" viewBox=\"0 0 31 32\" fill=\"none\"><mask id=\"mask0_33_7\" style=\"mask-type:alpha\" maskUnits=\"userSpaceOnUse\" x=\"0\" y=\"0\" width=\"31\" height=\"32\"><rect y=\"0.446655\" width=\"30.573\" height=\"30.573\" fill=\"#D9D9D9\"><\/rect><\/mask><g mask=\"url(#mask0_33_7)\"><path d=\"M13.4779 21.1516L22.0422 12.5874L20.6998 11.245L13.4779 18.467L9.8474 14.8364L8.50505 16.1788L13.4779 21.1516ZM15.2881 27.8347C13.6142 27.8347 12.0409 27.5171 10.5681 26.8818C9.09528 26.2466 7.81419 25.3845 6.72481 24.2956C5.63544 23.2066 4.77292 21.926 4.13726 20.4539C3.50181 18.9817 3.18408 17.4088 3.18408 15.7351C3.18408 14.0613 3.5017 12.4879 4.13694 11.0151C4.77218 9.5423 5.63427 8.26121 6.72322 7.17183C7.81217 6.08246 9.09273 5.21994 10.5649 4.58428C12.0371 3.94883 13.61 3.6311 15.2836 3.6311C16.9575 3.6311 18.5309 3.94872 20.0037 4.58396C21.4765 5.2192 22.7576 6.08129 23.8469 7.17024C24.9363 8.25919 25.7988 9.53975 26.4345 11.0119C27.0699 12.4841 27.3877 14.057 27.3877 15.7307C27.3877 17.4045 27.0701 18.9779 26.4348 20.4507C25.7996 21.9235 24.9375 23.2046 23.8485 24.294C22.7596 25.3833 21.479 26.2459 20.0069 26.8815C18.5347 27.517 16.9618 27.8347 15.2881 27.8347ZM15.2859 25.9239C18.1309 25.9239 20.5406 24.9366 22.5151 22.9621C24.4896 20.9876 25.4769 18.5779 25.4769 15.7329C25.4769 12.8879 24.4896 10.4782 22.5151 8.50367C20.5406 6.52917 18.1309 5.54191 15.2859 5.54191C12.4409 5.54191 10.0312 6.52917 8.05665 8.50367C6.08214 10.4782 5.09489 12.8879 5.09489 15.7329C5.09489 18.5779 6.08214 20.9876 8.05665 22.9621C10.0312 24.9366 12.4409 25.9239 15.2859 25.9239Z\" fill=\"#FF3220\"><\/path><\/g><\/svg>\t\t\t\t<\/span>\n\t\t\t<\/div>\n\t\t\t\n\t\t\t\t\t\t<div class=\"elementor-icon-box-content\">\n\n\t\t\t\t\t\t\t\t\t<h3 class=\"elementor-icon-box-title\">\n\t\t\t\t\t\t<span  >\n\t\t\t\t\t\t\tDiagn\u00f3stico avanzado y soporte t\u00e9cnico 24\/7:\t\t\t\t\t\t<\/span>\n\t\t\t\t\t<\/h3>\n\t\t\t\t\n\t\t\t\t\t\t\t\t\t<p class=\"elementor-icon-box-description\">\n\t\t\t\t\t\tEquipos especializados disponibles para solucionar problemas t\u00e9cnicos en sistemas electromec\u00e1nicos, hidr\u00e1ulicos y electr\u00f3nicos, asegurando una respuesta r\u00e1pida y efectiva.\t\t\t\t\t<\/p>\n\t\t\t\t\n\t\t\t<\/div>\n\t\t\t\n\t\t<\/div>\n\t\t\t\t\t\t<\/div>\n\t\t\t\t<\/div>\n\t\t\t\t<div class=\"elementor-element elementor-element-2d079d9 elementor-position-inline-start elementor-mobile-position-inline-start elementor-view-default elementor-invisible elementor-widget elementor-widget-icon-box\" data-id=\"2d079d9\" data-element_type=\"widget\" data-e-type=\"widget\" data-settings=\"{&quot;_animation&quot;:&quot;fadeInRight&quot;}\" data-widget_type=\"icon-box.default\">\n\t\t\t\t<div class=\"elementor-widget-container\">\n\t\t\t\t\t\t\t<div class=\"elementor-icon-box-wrapper\">\n\n\t\t\t\t\t\t<div class=\"elementor-icon-box-icon\">\n\t\t\t\t<span  class=\"elementor-icon\">\n\t\t\t\t<svg xmlns=\"http:\/\/www.w3.org\/2000\/svg\" width=\"31\" height=\"32\" viewBox=\"0 0 31 32\" fill=\"none\"><mask id=\"mask0_33_7\" style=\"mask-type:alpha\" maskUnits=\"userSpaceOnUse\" x=\"0\" y=\"0\" width=\"31\" height=\"32\"><rect y=\"0.446655\" width=\"30.573\" height=\"30.573\" fill=\"#D9D9D9\"><\/rect><\/mask><g mask=\"url(#mask0_33_7)\"><path d=\"M13.4779 21.1516L22.0422 12.5874L20.6998 11.245L13.4779 18.467L9.8474 14.8364L8.50505 16.1788L13.4779 21.1516ZM15.2881 27.8347C13.6142 27.8347 12.0409 27.5171 10.5681 26.8818C9.09528 26.2466 7.81419 25.3845 6.72481 24.2956C5.63544 23.2066 4.77292 21.926 4.13726 20.4539C3.50181 18.9817 3.18408 17.4088 3.18408 15.7351C3.18408 14.0613 3.5017 12.4879 4.13694 11.0151C4.77218 9.5423 5.63427 8.26121 6.72322 7.17183C7.81217 6.08246 9.09273 5.21994 10.5649 4.58428C12.0371 3.94883 13.61 3.6311 15.2836 3.6311C16.9575 3.6311 18.5309 3.94872 20.0037 4.58396C21.4765 5.2192 22.7576 6.08129 23.8469 7.17024C24.9363 8.25919 25.7988 9.53975 26.4345 11.0119C27.0699 12.4841 27.3877 14.057 27.3877 15.7307C27.3877 17.4045 27.0701 18.9779 26.4348 20.4507C25.7996 21.9235 24.9375 23.2046 23.8485 24.294C22.7596 25.3833 21.479 26.2459 20.0069 26.8815C18.5347 27.517 16.9618 27.8347 15.2881 27.8347ZM15.2859 25.9239C18.1309 25.9239 20.5406 24.9366 22.5151 22.9621C24.4896 20.9876 25.4769 18.5779 25.4769 15.7329C25.4769 12.8879 24.4896 10.4782 22.5151 8.50367C20.5406 6.52917 18.1309 5.54191 15.2859 5.54191C12.4409 5.54191 10.0312 6.52917 8.05665 8.50367C6.08214 10.4782 5.09489 12.8879 5.09489 15.7329C5.09489 18.5779 6.08214 20.9876 8.05665 22.9621C10.0312 24.9366 12.4409 25.9239 15.2859 25.9239Z\" fill=\"#FF3220\"><\/path><\/g><\/svg>\t\t\t\t<\/span>\n\t\t\t<\/div>\n\t\t\t\n\t\t\t\t\t\t<div class=\"elementor-icon-box-content\">\n\n\t\t\t\t\t\t\t\t\t<h3 class=\"elementor-icon-box-title\">\n\t\t\t\t\t\t<span  >\n\t\t\t\t\t\t\tGesti\u00f3n de repuestos y suministros:\t\t\t\t\t\t<\/span>\n\t\t\t\t\t<\/h3>\n\t\t\t\t\n\t\t\t\t\t\t\t\t\t<p class=\"elementor-icon-box-description\">\n\t\t\t\t\t\tGesti\u00f3n y control del inventario de repuestos esenciales, asegurando que las infraestructuras operen de manera continua sin interrupciones inesperadas.\t\t\t\t\t<\/p>\n\t\t\t\t\n\t\t\t<\/div>\n\t\t\t\n\t\t<\/div>\n\t\t\t\t\t\t<\/div>\n\t\t\t\t<\/div>\n\t\t\t\t<div class=\"elementor-element elementor-element-5e4f7eb hide-pc elementor-widget elementor-widget-spacer\" data-id=\"5e4f7eb\" data-element_type=\"widget\" data-e-type=\"widget\" data-widget_type=\"spacer.default\">\n\t\t\t\t<div class=\"elementor-widget-container\">\n\t\t\t\t\t\t\t<div class=\"elementor-spacer\">\n\t\t\t<div class=\"elementor-spacer-inner\"><\/div>\n\t\t<\/div>\n\t\t\t\t\t\t<\/div>\n\t\t\t\t<\/div>\n\t\t\t\t<\/div>\n\t\t\t\t\t<\/div>\n\t\t\t\t<\/div>\n\t\t\t\t<\/div>\n\t\t","protected":false},"excerpt":{"rendered":"<p>Operaci\u00f3n y soporte de infraestructuras especializadas en diversas \u00e1reas t\u00e9cnicas Operaci\u00f3n y soporte de infraestructuras especializadas en diversas \u00e1reas t\u00e9cnicas<\/p>\n","protected":false},"author":1,"featured_media":0,"parent":0,"menu_order":0,"comment_status":"closed","ping_status":"closed","template":"","meta":{"inline_featured_image":false,"footnotes":""},"class_list":["post-24020","page","type-page","status-publish","hentry"],"_links":{"self":[{"href":"https:\/\/pbbservice.com\/index.php?rest_route=\/wp\/v2\/pages\/24020","targetHints":{"allow":["GET"]}}],"collection":[{"href":"https:\/\/pbbservice.com\/index.php?rest_route=\/wp\/v2\/pages"}],"about":[{"href":"https:\/\/pbbservice.com\/index.php?rest_route=\/wp\/v2\/types\/page"}],"author":[{"embeddable":true,"href":"https:\/\/pbbservice.com\/index.php?rest_route=\/wp\/v2\/users\/1"}],"replies":[{"embeddable":true,"href":"https:\/\/pbbservice.com\/index.php?rest_route=%2Fwp%2Fv2%2Fcomments&post=24020"}],"version-history":[{"count":7,"href":"https:\/\/pbbservice.com\/index.php?rest_route=\/wp\/v2\/pages\/24020\/revisions"}],"predecessor-version":[{"id":24027,"href":"https:\/\/pbbservice.com\/index.php?rest_route=\/wp\/v2\/pages\/24020\/revisions\/24027"}],"wp:attachment":[{"href":"https:\/\/pbbservice.com\/index.php?rest_route=%2Fwp%2Fv2%2Fmedia&parent=24020"}],"curies":[{"name":"wp","href":"https:\/\/api.w.org\/{rel}","templated":true}]}}