{"id":23973,"date":"2024-11-15T16:39:38","date_gmt":"2024-11-15T16:39:38","guid":{"rendered":"https:\/\/pbbservice.com\/?page_id=23973"},"modified":"2024-11-15T19:37:29","modified_gmt":"2024-11-15T19:37:29","slug":"consultoria-especializada-para-terminales-aereas-maritimas-y-ferroviarias","status":"publish","type":"page","link":"https:\/\/pbbservice.com\/?page_id=23973","title":{"rendered":"Consultor\u00eda especializada para terminales a\u00e9reas, mar\u00edtimas y ferroviarias"},"content":{"rendered":"\t\t<div data-elementor-type=\"wp-page\" data-elementor-id=\"23973\" class=\"elementor elementor-23973\" data-elementor-post-type=\"page\">\n\t\t\t\t<div class=\"elementor-element elementor-element-da44933 wd-section-stretch color-scheme-light e-flex e-con-boxed e-con e-parent\" data-id=\"da44933\" data-element_type=\"container\" data-e-type=\"container\" data-settings=\"{&quot;background_background&quot;:&quot;classic&quot;}\">\n\t\t\t\t\t<div class=\"e-con-inner\">\n\t\t<div class=\"elementor-element elementor-element-e509b19 e-con-full e-flex elementor-invisible e-con e-child\" data-id=\"e509b19\" data-element_type=\"container\" data-e-type=\"container\" data-settings=\"{&quot;animation&quot;:&quot;bounceInLeft&quot;}\">\n\t\t<div class=\"elementor-element elementor-element-4795144 e-con-full hide-movil e-flex e-con e-child\" data-id=\"4795144\" data-element_type=\"container\" data-e-type=\"container\" data-settings=\"{&quot;background_background&quot;:&quot;classic&quot;}\">\n\t\t\t\t<div class=\"elementor-element elementor-element-59c17bb elementor-widget elementor-widget-heading\" data-id=\"59c17bb\" data-element_type=\"widget\" data-e-type=\"widget\" data-widget_type=\"heading.default\">\n\t\t\t\t<div class=\"elementor-widget-container\">\n\t\t\t\t\t<h2 class=\"elementor-heading-title elementor-size-default\">Consultor\u00eda especializada para terminales a\u00e9reas, mar\u00edtimas y ferroviarias<\/h2>\t\t\t\t<\/div>\n\t\t\t\t<\/div>\n\t\t\t\t<div class=\"elementor-element elementor-element-bb4ca54 hide-pc elementor-widget-mobile__width-initial elementor-widget elementor-widget-image\" data-id=\"bb4ca54\" data-element_type=\"widget\" data-e-type=\"widget\" data-widget_type=\"image.default\">\n\t\t\t\t<div class=\"elementor-widget-container\">\n\t\t\t\t\t\t\t\t\t\t\t\t\t\t\t<img decoding=\"async\" width=\"176\" height=\"120\" src=\"https:\/\/pbbservice.com\/wp-content\/uploads\/2024\/11\/logo_blanco.svg\" class=\"attachment-full size-full wp-image-23785\" alt=\"\" \/>\t\t\t\t\t\t\t\t\t\t\t\t\t\t\t<\/div>\n\t\t\t\t<\/div>\n\t\t\t\t<\/div>\n\t\t<div class=\"elementor-element elementor-element-6a89834 e-con-full hide-pc e-flex e-con e-child\" data-id=\"6a89834\" data-element_type=\"container\" data-e-type=\"container\" data-settings=\"{&quot;background_background&quot;:&quot;classic&quot;}\">\n\t\t\t\t<div class=\"elementor-element elementor-element-4732b72 hide-pc elementor-widget elementor-widget-heading\" data-id=\"4732b72\" data-element_type=\"widget\" data-e-type=\"widget\" data-widget_type=\"heading.default\">\n\t\t\t\t<div class=\"elementor-widget-container\">\n\t\t\t\t\t<h2 class=\"elementor-heading-title elementor-size-default\">Consultor\u00eda especializada para terminales a\u00e9reas, mar\u00edtimas y ferroviarias<\/h2>\t\t\t\t<\/div>\n\t\t\t\t<\/div>\n\t\t\t\t<\/div>\n\t\t<div class=\"elementor-element elementor-element-4aef5da e-con-full hide-movil e-flex e-con e-child\" data-id=\"4aef5da\" data-element_type=\"container\" data-e-type=\"container\">\n\t\t\t\t<\/div>\n\t\t\t\t<\/div>\n\t\t\t\t\t<\/div>\n\t\t\t\t<\/div>\n\t\t<div class=\"wd-negative-gap elementor-element elementor-element-fdbd017 wd-section-stretch e-flex e-con-boxed e-con e-parent\" data-id=\"fdbd017\" data-element_type=\"container\" data-e-type=\"container\" data-settings=\"{&quot;background_background&quot;:&quot;classic&quot;}\">\n\t\t\t\t\t<div class=\"e-con-inner\">\n\t\t<div class=\"elementor-element elementor-element-7b0990b e-con-full hide-movil e-flex e-con e-child\" data-id=\"7b0990b\" data-element_type=\"container\" data-e-type=\"container\">\n\t\t\t\t<div class=\"elementor-element elementor-element-081619a elementor-widget elementor-widget-image\" data-id=\"081619a\" data-element_type=\"widget\" data-e-type=\"widget\" data-widget_type=\"image.default\">\n\t\t\t\t<div class=\"elementor-widget-container\">\n\t\t\t\t\t\t\t\t\t\t\t\t\t\t\t<img fetchpriority=\"high\" decoding=\"async\" width=\"597\" height=\"634\" src=\"https:\/\/pbbservice.com\/wp-content\/uploads\/2024\/11\/image-30.jpg\" class=\"attachment-full size-full wp-image-23986\" alt=\"\" srcset=\"https:\/\/pbbservice.com\/wp-content\/uploads\/2024\/11\/image-30.jpg 597w, https:\/\/pbbservice.com\/wp-content\/uploads\/2024\/11\/image-30-282x300.jpg 282w, https:\/\/pbbservice.com\/wp-content\/uploads\/2024\/11\/image-30-430x457.jpg 430w, https:\/\/pbbservice.com\/wp-content\/uploads\/2024\/11\/image-30-150x159.jpg 150w\" sizes=\"(max-width: 597px) 100vw, 597px\" \/>\t\t\t\t\t\t\t\t\t\t\t\t\t\t\t<\/div>\n\t\t\t\t<\/div>\n\t\t\t\t<\/div>\n\t\t<div class=\"elementor-element elementor-element-d045468 e-con-full e-flex e-con e-child\" data-id=\"d045468\" data-element_type=\"container\" data-e-type=\"container\">\n\t\t\t\t\t<link rel=\"stylesheet\" id=\"wd-mod-animations-keyframes-css\" href=\"https:\/\/pbbservice.com\/wp-content\/themes\/woodmart\/css\/parts\/mod-animations-keyframes.min.css?ver=7.6.0\" type=\"text\/css\" media=\"all\" \/> \t\t\t\t\t<div class=\"elementor-element elementor-element-69a9832 color-scheme-inherit text-left elementor-invisible elementor-widget elementor-widget-text-editor\" data-id=\"69a9832\" data-element_type=\"widget\" data-e-type=\"widget\" data-settings=\"{&quot;_animation&quot;:&quot;fadeInRight&quot;}\" data-widget_type=\"text-editor.default\">\n\t\t\t\t<div class=\"elementor-widget-container\">\n\t\t\t\t\t\t\t\t\t<p><strong>Nuestra divisi\u00f3n de consultor\u00eda ofrece un servicio integral de asesor\u00eda t\u00e9cnica y estrat\u00e9gica para la mejora y optimizaci\u00f3n de terminales de transporte. Nuestros expertos abarcan diversas ingenier\u00edas, como la aeron\u00e1utica, el\u00e9ctrica, hidr\u00e1ulica, civil y ambiental, para proporcionar soluciones personalizadas que impulsen la eficiencia operativa, la sostenibilidad y la innovaci\u00f3n tecnol\u00f3gica.<\/strong><\/p>\t\t\t\t\t\t\t\t<\/div>\n\t\t\t\t<\/div>\n\t\t\t\t<div class=\"elementor-element elementor-element-6b2464e elementor-position-inline-start elementor-mobile-position-inline-start elementor-view-default elementor-invisible elementor-widget elementor-widget-icon-box\" data-id=\"6b2464e\" data-element_type=\"widget\" data-e-type=\"widget\" data-settings=\"{&quot;_animation&quot;:&quot;fadeInRight&quot;}\" data-widget_type=\"icon-box.default\">\n\t\t\t\t<div class=\"elementor-widget-container\">\n\t\t\t\t\t\t\t<div class=\"elementor-icon-box-wrapper\">\n\n\t\t\t\t\t\t<div class=\"elementor-icon-box-icon\">\n\t\t\t\t<span  class=\"elementor-icon\">\n\t\t\t\t<svg xmlns=\"http:\/\/www.w3.org\/2000\/svg\" width=\"31\" height=\"32\" viewBox=\"0 0 31 32\" fill=\"none\"><mask id=\"mask0_33_7\" style=\"mask-type:alpha\" maskUnits=\"userSpaceOnUse\" x=\"0\" y=\"0\" width=\"31\" height=\"32\"><rect y=\"0.446655\" width=\"30.573\" height=\"30.573\" fill=\"#D9D9D9\"><\/rect><\/mask><g mask=\"url(#mask0_33_7)\"><path d=\"M13.4779 21.1516L22.0422 12.5874L20.6998 11.245L13.4779 18.467L9.8474 14.8364L8.50505 16.1788L13.4779 21.1516ZM15.2881 27.8347C13.6142 27.8347 12.0409 27.5171 10.5681 26.8818C9.09528 26.2466 7.81419 25.3845 6.72481 24.2956C5.63544 23.2066 4.77292 21.926 4.13726 20.4539C3.50181 18.9817 3.18408 17.4088 3.18408 15.7351C3.18408 14.0613 3.5017 12.4879 4.13694 11.0151C4.77218 9.5423 5.63427 8.26121 6.72322 7.17183C7.81217 6.08246 9.09273 5.21994 10.5649 4.58428C12.0371 3.94883 13.61 3.6311 15.2836 3.6311C16.9575 3.6311 18.5309 3.94872 20.0037 4.58396C21.4765 5.2192 22.7576 6.08129 23.8469 7.17024C24.9363 8.25919 25.7988 9.53975 26.4345 11.0119C27.0699 12.4841 27.3877 14.057 27.3877 15.7307C27.3877 17.4045 27.0701 18.9779 26.4348 20.4507C25.7996 21.9235 24.9375 23.2046 23.8485 24.294C22.7596 25.3833 21.479 26.2459 20.0069 26.8815C18.5347 27.517 16.9618 27.8347 15.2881 27.8347ZM15.2859 25.9239C18.1309 25.9239 20.5406 24.9366 22.5151 22.9621C24.4896 20.9876 25.4769 18.5779 25.4769 15.7329C25.4769 12.8879 24.4896 10.4782 22.5151 8.50367C20.5406 6.52917 18.1309 5.54191 15.2859 5.54191C12.4409 5.54191 10.0312 6.52917 8.05665 8.50367C6.08214 10.4782 5.09489 12.8879 5.09489 15.7329C5.09489 18.5779 6.08214 20.9876 8.05665 22.9621C10.0312 24.9366 12.4409 25.9239 15.2859 25.9239Z\" fill=\"#FF3220\"><\/path><\/g><\/svg>\t\t\t\t<\/span>\n\t\t\t<\/div>\n\t\t\t\n\t\t\t\t\t\t<div class=\"elementor-icon-box-content\">\n\n\t\t\t\t\t\t\t\t\t<h3 class=\"elementor-icon-box-title\">\n\t\t\t\t\t\t<span  >\n\t\t\t\t\t\t\tAn\u00e1lisis de infraestructura existente:\t\t\t\t\t\t<\/span>\n\t\t\t\t\t<\/h3>\n\t\t\t\t\n\t\t\t\t\t\t\t\t\t<p class=\"elementor-icon-box-description\">\n\t\t\t\t\t\tEvaluaci\u00f3n de las condiciones actuales de las terminales a\u00e9reas, mar\u00edtimas y ferroviarias, determinando necesidades de actualizaci\u00f3n o expansi\u00f3n de capacidad.\t\t\t\t\t<\/p>\n\t\t\t\t\n\t\t\t<\/div>\n\t\t\t\n\t\t<\/div>\n\t\t\t\t\t\t<\/div>\n\t\t\t\t<\/div>\n\t\t\t\t<div class=\"elementor-element elementor-element-e9c659c elementor-position-inline-start elementor-mobile-position-inline-start elementor-view-default elementor-invisible elementor-widget elementor-widget-icon-box\" data-id=\"e9c659c\" data-element_type=\"widget\" data-e-type=\"widget\" data-settings=\"{&quot;_animation&quot;:&quot;fadeInRight&quot;}\" data-widget_type=\"icon-box.default\">\n\t\t\t\t<div class=\"elementor-widget-container\">\n\t\t\t\t\t\t\t<div class=\"elementor-icon-box-wrapper\">\n\n\t\t\t\t\t\t<div class=\"elementor-icon-box-icon\">\n\t\t\t\t<span  class=\"elementor-icon\">\n\t\t\t\t<svg xmlns=\"http:\/\/www.w3.org\/2000\/svg\" width=\"31\" height=\"32\" viewBox=\"0 0 31 32\" fill=\"none\"><mask id=\"mask0_33_7\" style=\"mask-type:alpha\" maskUnits=\"userSpaceOnUse\" x=\"0\" y=\"0\" width=\"31\" height=\"32\"><rect y=\"0.446655\" width=\"30.573\" height=\"30.573\" fill=\"#D9D9D9\"><\/rect><\/mask><g mask=\"url(#mask0_33_7)\"><path d=\"M13.4779 21.1516L22.0422 12.5874L20.6998 11.245L13.4779 18.467L9.8474 14.8364L8.50505 16.1788L13.4779 21.1516ZM15.2881 27.8347C13.6142 27.8347 12.0409 27.5171 10.5681 26.8818C9.09528 26.2466 7.81419 25.3845 6.72481 24.2956C5.63544 23.2066 4.77292 21.926 4.13726 20.4539C3.50181 18.9817 3.18408 17.4088 3.18408 15.7351C3.18408 14.0613 3.5017 12.4879 4.13694 11.0151C4.77218 9.5423 5.63427 8.26121 6.72322 7.17183C7.81217 6.08246 9.09273 5.21994 10.5649 4.58428C12.0371 3.94883 13.61 3.6311 15.2836 3.6311C16.9575 3.6311 18.5309 3.94872 20.0037 4.58396C21.4765 5.2192 22.7576 6.08129 23.8469 7.17024C24.9363 8.25919 25.7988 9.53975 26.4345 11.0119C27.0699 12.4841 27.3877 14.057 27.3877 15.7307C27.3877 17.4045 27.0701 18.9779 26.4348 20.4507C25.7996 21.9235 24.9375 23.2046 23.8485 24.294C22.7596 25.3833 21.479 26.2459 20.0069 26.8815C18.5347 27.517 16.9618 27.8347 15.2881 27.8347ZM15.2859 25.9239C18.1309 25.9239 20.5406 24.9366 22.5151 22.9621C24.4896 20.9876 25.4769 18.5779 25.4769 15.7329C25.4769 12.8879 24.4896 10.4782 22.5151 8.50367C20.5406 6.52917 18.1309 5.54191 15.2859 5.54191C12.4409 5.54191 10.0312 6.52917 8.05665 8.50367C6.08214 10.4782 5.09489 12.8879 5.09489 15.7329C5.09489 18.5779 6.08214 20.9876 8.05665 22.9621C10.0312 24.9366 12.4409 25.9239 15.2859 25.9239Z\" fill=\"#FF3220\"><\/path><\/g><\/svg>\t\t\t\t<\/span>\n\t\t\t<\/div>\n\t\t\t\n\t\t\t\t\t\t<div class=\"elementor-icon-box-content\">\n\n\t\t\t\t\t\t\t\t\t<h3 class=\"elementor-icon-box-title\">\n\t\t\t\t\t\t<span  >\n\t\t\t\t\t\t\tDise\u00f1o y planificaci\u00f3n de proyectos:\t\t\t\t\t\t<\/span>\n\t\t\t\t\t<\/h3>\n\t\t\t\t\n\t\t\t\t\t\t\t\t\t<p class=\"elementor-icon-box-description\">\n\t\t\t\t\t\tElaboraci\u00f3n de planes maestros para el desarrollo de terminales, integrando innovaciones tecnol\u00f3gicas y soluciones de infraestructura avanzada.\t\t\t\t\t<\/p>\n\t\t\t\t\n\t\t\t<\/div>\n\t\t\t\n\t\t<\/div>\n\t\t\t\t\t\t<\/div>\n\t\t\t\t<\/div>\n\t\t\t\t<div class=\"elementor-element elementor-element-47eae4d elementor-position-inline-start elementor-mobile-position-inline-start elementor-view-default elementor-invisible elementor-widget elementor-widget-icon-box\" data-id=\"47eae4d\" data-element_type=\"widget\" data-e-type=\"widget\" data-settings=\"{&quot;_animation&quot;:&quot;fadeInRight&quot;}\" data-widget_type=\"icon-box.default\">\n\t\t\t\t<div class=\"elementor-widget-container\">\n\t\t\t\t\t\t\t<div class=\"elementor-icon-box-wrapper\">\n\n\t\t\t\t\t\t<div class=\"elementor-icon-box-icon\">\n\t\t\t\t<span  class=\"elementor-icon\">\n\t\t\t\t<svg xmlns=\"http:\/\/www.w3.org\/2000\/svg\" width=\"31\" height=\"32\" viewBox=\"0 0 31 32\" fill=\"none\"><mask id=\"mask0_33_7\" style=\"mask-type:alpha\" maskUnits=\"userSpaceOnUse\" x=\"0\" y=\"0\" width=\"31\" height=\"32\"><rect y=\"0.446655\" width=\"30.573\" height=\"30.573\" fill=\"#D9D9D9\"><\/rect><\/mask><g mask=\"url(#mask0_33_7)\"><path d=\"M13.4779 21.1516L22.0422 12.5874L20.6998 11.245L13.4779 18.467L9.8474 14.8364L8.50505 16.1788L13.4779 21.1516ZM15.2881 27.8347C13.6142 27.8347 12.0409 27.5171 10.5681 26.8818C9.09528 26.2466 7.81419 25.3845 6.72481 24.2956C5.63544 23.2066 4.77292 21.926 4.13726 20.4539C3.50181 18.9817 3.18408 17.4088 3.18408 15.7351C3.18408 14.0613 3.5017 12.4879 4.13694 11.0151C4.77218 9.5423 5.63427 8.26121 6.72322 7.17183C7.81217 6.08246 9.09273 5.21994 10.5649 4.58428C12.0371 3.94883 13.61 3.6311 15.2836 3.6311C16.9575 3.6311 18.5309 3.94872 20.0037 4.58396C21.4765 5.2192 22.7576 6.08129 23.8469 7.17024C24.9363 8.25919 25.7988 9.53975 26.4345 11.0119C27.0699 12.4841 27.3877 14.057 27.3877 15.7307C27.3877 17.4045 27.0701 18.9779 26.4348 20.4507C25.7996 21.9235 24.9375 23.2046 23.8485 24.294C22.7596 25.3833 21.479 26.2459 20.0069 26.8815C18.5347 27.517 16.9618 27.8347 15.2881 27.8347ZM15.2859 25.9239C18.1309 25.9239 20.5406 24.9366 22.5151 22.9621C24.4896 20.9876 25.4769 18.5779 25.4769 15.7329C25.4769 12.8879 24.4896 10.4782 22.5151 8.50367C20.5406 6.52917 18.1309 5.54191 15.2859 5.54191C12.4409 5.54191 10.0312 6.52917 8.05665 8.50367C6.08214 10.4782 5.09489 12.8879 5.09489 15.7329C5.09489 18.5779 6.08214 20.9876 8.05665 22.9621C10.0312 24.9366 12.4409 25.9239 15.2859 25.9239Z\" fill=\"#FF3220\"><\/path><\/g><\/svg>\t\t\t\t<\/span>\n\t\t\t<\/div>\n\t\t\t\n\t\t\t\t\t\t<div class=\"elementor-icon-box-content\">\n\n\t\t\t\t\t\t\t\t\t<h3 class=\"elementor-icon-box-title\">\n\t\t\t\t\t\t<span  >\n\t\t\t\t\t\t\tEstudios de viabilidad y sostenibilidad:\t\t\t\t\t\t<\/span>\n\t\t\t\t\t<\/h3>\n\t\t\t\t\n\t\t\t\t\t\t\t\t\t<p class=\"elementor-icon-box-description\">\n\t\t\t\t\t\tAn\u00e1lisis de viabilidad t\u00e9cnica y financiera de proyectos, con foco en la implementaci\u00f3n de tecnolog\u00edas de energ\u00eda renovable (paneles solares, aerogeneradores) y t\u00e9cnicas de reducci\u00f3n de huella de carbono.\t\t\t\t\t<\/p>\n\t\t\t\t\n\t\t\t<\/div>\n\t\t\t\n\t\t<\/div>\n\t\t\t\t\t\t<\/div>\n\t\t\t\t<\/div>\n\t\t\t\t<div class=\"elementor-element elementor-element-2d079d9 elementor-position-inline-start elementor-mobile-position-inline-start elementor-view-default elementor-invisible elementor-widget elementor-widget-icon-box\" data-id=\"2d079d9\" data-element_type=\"widget\" data-e-type=\"widget\" data-settings=\"{&quot;_animation&quot;:&quot;fadeInRight&quot;}\" data-widget_type=\"icon-box.default\">\n\t\t\t\t<div class=\"elementor-widget-container\">\n\t\t\t\t\t\t\t<div class=\"elementor-icon-box-wrapper\">\n\n\t\t\t\t\t\t<div class=\"elementor-icon-box-icon\">\n\t\t\t\t<span  class=\"elementor-icon\">\n\t\t\t\t<svg xmlns=\"http:\/\/www.w3.org\/2000\/svg\" width=\"31\" height=\"32\" viewBox=\"0 0 31 32\" fill=\"none\"><mask id=\"mask0_33_7\" style=\"mask-type:alpha\" maskUnits=\"userSpaceOnUse\" x=\"0\" y=\"0\" width=\"31\" height=\"32\"><rect y=\"0.446655\" width=\"30.573\" height=\"30.573\" fill=\"#D9D9D9\"><\/rect><\/mask><g mask=\"url(#mask0_33_7)\"><path d=\"M13.4779 21.1516L22.0422 12.5874L20.6998 11.245L13.4779 18.467L9.8474 14.8364L8.50505 16.1788L13.4779 21.1516ZM15.2881 27.8347C13.6142 27.8347 12.0409 27.5171 10.5681 26.8818C9.09528 26.2466 7.81419 25.3845 6.72481 24.2956C5.63544 23.2066 4.77292 21.926 4.13726 20.4539C3.50181 18.9817 3.18408 17.4088 3.18408 15.7351C3.18408 14.0613 3.5017 12.4879 4.13694 11.0151C4.77218 9.5423 5.63427 8.26121 6.72322 7.17183C7.81217 6.08246 9.09273 5.21994 10.5649 4.58428C12.0371 3.94883 13.61 3.6311 15.2836 3.6311C16.9575 3.6311 18.5309 3.94872 20.0037 4.58396C21.4765 5.2192 22.7576 6.08129 23.8469 7.17024C24.9363 8.25919 25.7988 9.53975 26.4345 11.0119C27.0699 12.4841 27.3877 14.057 27.3877 15.7307C27.3877 17.4045 27.0701 18.9779 26.4348 20.4507C25.7996 21.9235 24.9375 23.2046 23.8485 24.294C22.7596 25.3833 21.479 26.2459 20.0069 26.8815C18.5347 27.517 16.9618 27.8347 15.2881 27.8347ZM15.2859 25.9239C18.1309 25.9239 20.5406 24.9366 22.5151 22.9621C24.4896 20.9876 25.4769 18.5779 25.4769 15.7329C25.4769 12.8879 24.4896 10.4782 22.5151 8.50367C20.5406 6.52917 18.1309 5.54191 15.2859 5.54191C12.4409 5.54191 10.0312 6.52917 8.05665 8.50367C6.08214 10.4782 5.09489 12.8879 5.09489 15.7329C5.09489 18.5779 6.08214 20.9876 8.05665 22.9621C10.0312 24.9366 12.4409 25.9239 15.2859 25.9239Z\" fill=\"#FF3220\"><\/path><\/g><\/svg>\t\t\t\t<\/span>\n\t\t\t<\/div>\n\t\t\t\n\t\t\t\t\t\t<div class=\"elementor-icon-box-content\">\n\n\t\t\t\t\t\t\t\t\t<h3 class=\"elementor-icon-box-title\">\n\t\t\t\t\t\t<span  >\n\t\t\t\t\t\t\tOptimizaci\u00f3n de sistemas cr\u00edticos:\t\t\t\t\t\t<\/span>\n\t\t\t\t\t<\/h3>\n\t\t\t\t\n\t\t\t\t\t\t\t\t\t<p class=\"elementor-icon-box-description\">\n\t\t\t\t\t\tMejora en la operatividad de sistemas de manejo de equipaje, carga y pasajeros, mediante la implementaci\u00f3n de tecnolog\u00edas de automatizaci\u00f3n y digitalizaci\u00f3n. Adem\u00e1s, Operaci\u00f3n y mantenimiento preventivo y correctivo de puentes de abordaje de pasajeros de aeropuertos.\t\t\t\t\t<\/p>\n\t\t\t\t\n\t\t\t<\/div>\n\t\t\t\n\t\t<\/div>\n\t\t\t\t\t\t<\/div>\n\t\t\t\t<\/div>\n\t\t\t\t<div class=\"elementor-element elementor-element-215cd97 elementor-position-inline-start elementor-mobile-position-inline-start elementor-view-default elementor-invisible elementor-widget elementor-widget-icon-box\" data-id=\"215cd97\" data-element_type=\"widget\" data-e-type=\"widget\" data-settings=\"{&quot;_animation&quot;:&quot;fadeInRight&quot;}\" data-widget_type=\"icon-box.default\">\n\t\t\t\t<div class=\"elementor-widget-container\">\n\t\t\t\t\t\t\t<div class=\"elementor-icon-box-wrapper\">\n\n\t\t\t\t\t\t<div class=\"elementor-icon-box-icon\">\n\t\t\t\t<span  class=\"elementor-icon\">\n\t\t\t\t<svg xmlns=\"http:\/\/www.w3.org\/2000\/svg\" width=\"31\" height=\"32\" viewBox=\"0 0 31 32\" fill=\"none\"><mask id=\"mask0_33_7\" style=\"mask-type:alpha\" maskUnits=\"userSpaceOnUse\" x=\"0\" y=\"0\" width=\"31\" height=\"32\"><rect y=\"0.446655\" width=\"30.573\" height=\"30.573\" fill=\"#D9D9D9\"><\/rect><\/mask><g mask=\"url(#mask0_33_7)\"><path d=\"M13.4779 21.1516L22.0422 12.5874L20.6998 11.245L13.4779 18.467L9.8474 14.8364L8.50505 16.1788L13.4779 21.1516ZM15.2881 27.8347C13.6142 27.8347 12.0409 27.5171 10.5681 26.8818C9.09528 26.2466 7.81419 25.3845 6.72481 24.2956C5.63544 23.2066 4.77292 21.926 4.13726 20.4539C3.50181 18.9817 3.18408 17.4088 3.18408 15.7351C3.18408 14.0613 3.5017 12.4879 4.13694 11.0151C4.77218 9.5423 5.63427 8.26121 6.72322 7.17183C7.81217 6.08246 9.09273 5.21994 10.5649 4.58428C12.0371 3.94883 13.61 3.6311 15.2836 3.6311C16.9575 3.6311 18.5309 3.94872 20.0037 4.58396C21.4765 5.2192 22.7576 6.08129 23.8469 7.17024C24.9363 8.25919 25.7988 9.53975 26.4345 11.0119C27.0699 12.4841 27.3877 14.057 27.3877 15.7307C27.3877 17.4045 27.0701 18.9779 26.4348 20.4507C25.7996 21.9235 24.9375 23.2046 23.8485 24.294C22.7596 25.3833 21.479 26.2459 20.0069 26.8815C18.5347 27.517 16.9618 27.8347 15.2881 27.8347ZM15.2859 25.9239C18.1309 25.9239 20.5406 24.9366 22.5151 22.9621C24.4896 20.9876 25.4769 18.5779 25.4769 15.7329C25.4769 12.8879 24.4896 10.4782 22.5151 8.50367C20.5406 6.52917 18.1309 5.54191 15.2859 5.54191C12.4409 5.54191 10.0312 6.52917 8.05665 8.50367C6.08214 10.4782 5.09489 12.8879 5.09489 15.7329C5.09489 18.5779 6.08214 20.9876 8.05665 22.9621C10.0312 24.9366 12.4409 25.9239 15.2859 25.9239Z\" fill=\"#FF3220\"><\/path><\/g><\/svg>\t\t\t\t<\/span>\n\t\t\t<\/div>\n\t\t\t\n\t\t\t\t\t\t<div class=\"elementor-icon-box-content\">\n\n\t\t\t\t\t\t\t\t\t<h3 class=\"elementor-icon-box-title\">\n\t\t\t\t\t\t<span  >\n\t\t\t\t\t\t\tCumplimiento normativo y ambiental:\t\t\t\t\t\t<\/span>\n\t\t\t\t\t<\/h3>\n\t\t\t\t\n\t\t\t\t\t\t\t\t\t<p class=\"elementor-icon-box-description\">\n\t\t\t\t\t\tAsesor\u00eda en el cumplimiento de normativas internacionales de seguridad y medio ambiente, con el objetivo de reducir el impacto ecol\u00f3gico y mejorar la sostenibilidad de las operaciones.\t\t\t\t\t<\/p>\n\t\t\t\t\n\t\t\t<\/div>\n\t\t\t\n\t\t<\/div>\n\t\t\t\t\t\t<\/div>\n\t\t\t\t<\/div>\n\t\t\t\t<div class=\"elementor-element elementor-element-5e4f7eb hide-pc elementor-widget elementor-widget-spacer\" data-id=\"5e4f7eb\" data-element_type=\"widget\" data-e-type=\"widget\" data-widget_type=\"spacer.default\">\n\t\t\t\t<div class=\"elementor-widget-container\">\n\t\t\t\t\t\t\t<div class=\"elementor-spacer\">\n\t\t\t<div class=\"elementor-spacer-inner\"><\/div>\n\t\t<\/div>\n\t\t\t\t\t\t<\/div>\n\t\t\t\t<\/div>\n\t\t\t\t<\/div>\n\t\t\t\t\t<\/div>\n\t\t\t\t<\/div>\n\t\t\t\t<\/div>\n\t\t","protected":false},"excerpt":{"rendered":"<p>Consultor\u00eda especializada para terminales a\u00e9reas, mar\u00edtimas y ferroviarias Consultor\u00eda especializada para terminales a\u00e9reas, mar\u00edtimas y ferroviarias Nuestra divisi\u00f3n de consultor\u00eda<\/p>\n","protected":false},"author":1,"featured_media":0,"parent":0,"menu_order":0,"comment_status":"closed","ping_status":"closed","template":"","meta":{"inline_featured_image":false,"footnotes":""},"class_list":["post-23973","page","type-page","status-publish","hentry"],"_links":{"self":[{"href":"https:\/\/pbbservice.com\/index.php?rest_route=\/wp\/v2\/pages\/23973","targetHints":{"allow":["GET"]}}],"collection":[{"href":"https:\/\/pbbservice.com\/index.php?rest_route=\/wp\/v2\/pages"}],"about":[{"href":"https:\/\/pbbservice.com\/index.php?rest_route=\/wp\/v2\/types\/page"}],"author":[{"embeddable":true,"href":"https:\/\/pbbservice.com\/index.php?rest_route=\/wp\/v2\/users\/1"}],"replies":[{"embeddable":true,"href":"https:\/\/pbbservice.com\/index.php?rest_route=%2Fwp%2Fv2%2Fcomments&post=23973"}],"version-history":[{"count":28,"href":"https:\/\/pbbservice.com\/index.php?rest_route=\/wp\/v2\/pages\/23973\/revisions"}],"predecessor-version":[{"id":24019,"href":"https:\/\/pbbservice.com\/index.php?rest_route=\/wp\/v2\/pages\/23973\/revisions\/24019"}],"wp:attachment":[{"href":"https:\/\/pbbservice.com\/index.php?rest_route=%2Fwp%2Fv2%2Fmedia&parent=23973"}],"curies":[{"name":"wp","href":"https:\/\/api.w.org\/{rel}","templated":true}]}}